{"id":638,"date":"2024-05-07T22:14:37","date_gmt":"2024-05-08T03:14:37","guid":{"rendered":"https:\/\/gahospitality.com\/about-us\/"},"modified":"2024-07-11T17:23:41","modified_gmt":"2024-07-11T22:23:41","slug":"about-us","status":"publish","type":"page","link":"https:\/\/gahospitality.com\/es\/about-us\/","title":{"rendered":"Nosotros"},"content":{"rendered":"<p>Desde franquicias de de alto volumen hasta conceptos originales dirigidos a audiencias espec\u00edficas, el grupo a jugado un rol vers\u00e1til e influyente con m\u00e1s de 80 ubicaciones en mercados alrededor de toda la rep\u00fablica M\u00e9xico y mercados dentro de la l\u00ednea fronteriza en Texas.<\/p>\n<p>La sede Great American Hospitality, ubicada en Ciudad Ju\u00e1rez, M\u00e9xico, abarca desde franquicias internacionales tales como Applebee\u2019s, Wendy\u2019s, Little Caesar\u2019s hasta empresas propias como Great American Steakhouse, Ardeo y YOKO.<\/p>\n<p>Estos negocios actualmente est\u00e1n operando en ciudades principales como Chihuahua, Guadalajara, Mexicali y Monterrey entre otros mercados regionales.<br \/>\nEl grupo a sido reconocido de forma internacional por su trabajo y a recibido numerosos premios, incluyendo \u201cBest International Franchise\u201d para ambas franquicias (Applebee\u2019s y Wendy\u2019s) compitiendo con 19 y 32 pa\u00edses de forma respectiva.<\/p>\n","protected":false},"excerpt":{"rendered":"<p>Desde franquicias de de alto volumen hasta conceptos originales dirigidos a audiencias espec\u00edficas, el grupo a jugado un rol vers\u00e1til e influyente con m\u00e1s de 80 ubicaciones en mercados alrededor de toda la rep\u00fablica M\u00e9xico y mercados dentro de la l\u00ednea fronteriza en Texas. La sede Great American Hospitality, ubicada en Ciudad Ju\u00e1rez, M\u00e9xico, abarca [&hellip;]<\/p>\n","protected":false},"author":1,"featured_media":0,"parent":0,"menu_order":0,"comment_status":"closed","ping_status":"closed","template":"page-templates\/page-about.php","meta":{"_acf_changed":false,"footnotes":""},"class_list":["post-638","page","type-page","status-publish","hentry"],"acf":[],"_links":{"self":[{"href":"https:\/\/gahospitality.com\/es\/wp-json\/wp\/v2\/pages\/638","targetHints":{"allow":["GET"]}}],"collection":[{"href":"https:\/\/gahospitality.com\/es\/wp-json\/wp\/v2\/pages"}],"about":[{"href":"https:\/\/gahospitality.com\/es\/wp-json\/wp\/v2\/types\/page"}],"author":[{"embeddable":true,"href":"https:\/\/gahospitality.com\/es\/wp-json\/wp\/v2\/users\/1"}],"replies":[{"embeddable":true,"href":"https:\/\/gahospitality.com\/es\/wp-json\/wp\/v2\/comments?post=638"}],"version-history":[{"count":7,"href":"https:\/\/gahospitality.com\/es\/wp-json\/wp\/v2\/pages\/638\/revisions"}],"predecessor-version":[{"id":901,"href":"https:\/\/gahospitality.com\/es\/wp-json\/wp\/v2\/pages\/638\/revisions\/901"}],"wp:attachment":[{"href":"https:\/\/gahospitality.com\/es\/wp-json\/wp\/v2\/media?parent=638"}],"curies":[{"name":"wp","href":"https:\/\/api.w.org\/{rel}","templated":true}]}}